{"id":36,"date":"2023-11-15T16:27:59","date_gmt":"2023-11-15T15:27:59","guid":{"rendered":"https:\/\/dev.fsystem.at\/neu\/?page_id=36"},"modified":"2024-01-03T16:11:43","modified_gmt":"2024-01-03T15:11:43","slug":"regattakalender","status":"publish","type":"page","link":"https:\/\/dev.fsystem.at\/?page_id=36","title":{"rendered":"Regattakalender"},"content":{"rendered":"\n<p>Regattakalender f\u00fcr O\u00d6 derzeit noch im Aufbau!<\/p>\n\n\n\n<p><a href=\"https:\/\/www.segelverband.at\/de\/service\/regattakalender\" target=\"_blank\" rel=\"noreferrer noopener\">Regattakalender | \u00d6sterreichischer Segel-Verband (segelverband.at)<\/a><\/p>\n","protected":false},"excerpt":{"rendered":"<p>Regattakalender f\u00fcr O\u00d6 derzeit noch im Aufbau! Regattakalender | \u00d6sterreichischer Segel-Verband (segelverband.at)<\/p>\n","protected":false},"author":1,"featured_media":0,"parent":0,"menu_order":0,"comment_status":"closed","ping_status":"closed","template":"","meta":{"footnotes":""},"class_list":["post-36","page","type-page","status-publish","hentry"],"publishpress_future_action":{"enabled":false,"date":"2026-04-25 14:28:10","action":"change-status","newStatus":"draft","terms":[],"taxonomy":"","extraData":[]},"publishpress_future_workflow_manual_trigger":{"enabledWorkflows":[]},"_links":{"self":[{"href":"https:\/\/dev.fsystem.at\/index.php?rest_route=\/wp\/v2\/pages\/36","targetHints":{"allow":["GET"]}}],"collection":[{"href":"https:\/\/dev.fsystem.at\/index.php?rest_route=\/wp\/v2\/pages"}],"about":[{"href":"https:\/\/dev.fsystem.at\/index.php?rest_route=\/wp\/v2\/types\/page"}],"author":[{"embeddable":true,"href":"https:\/\/dev.fsystem.at\/index.php?rest_route=\/wp\/v2\/users\/1"}],"replies":[{"embeddable":true,"href":"https:\/\/dev.fsystem.at\/index.php?rest_route=%2Fwp%2Fv2%2Fcomments&post=36"}],"version-history":[{"count":4,"href":"https:\/\/dev.fsystem.at\/index.php?rest_route=\/wp\/v2\/pages\/36\/revisions"}],"predecessor-version":[{"id":401,"href":"https:\/\/dev.fsystem.at\/index.php?rest_route=\/wp\/v2\/pages\/36\/revisions\/401"}],"wp:attachment":[{"href":"https:\/\/dev.fsystem.at\/index.php?rest_route=%2Fwp%2Fv2%2Fmedia&parent=36"}],"curies":[{"name":"wp","href":"https:\/\/api.w.org\/{rel}","templated":true}]}}