{"id":45,"date":"2023-11-15T16:32:33","date_gmt":"2023-11-15T15:32:33","guid":{"rendered":"https:\/\/dev.fsystem.at\/neu\/?page_id=45"},"modified":"2023-12-27T17:46:53","modified_gmt":"2023-12-27T16:46:53","slug":"vorstand","status":"publish","type":"page","link":"https:\/\/dev.fsystem.at\/?page_id=45","title":{"rendered":"Vorstand"},"content":{"rendered":"\t\t<div data-elementor-type=\"wp-page\" data-elementor-id=\"45\" class=\"elementor elementor-45\">\n\t\t\t\t<div class=\"elementor-element elementor-element-2d25fc84 e-flex e-con-boxed e-con e-parent\" data-id=\"2d25fc84\" data-element_type=\"container\" data-e-type=\"container\">\n\t\t\t\t\t<div class=\"e-con-inner\">\n\t\t\t\t<div class=\"elementor-element elementor-element-40fe29b elementor-widget elementor-widget-text-editor\" data-id=\"40fe29b\" data-element_type=\"widget\" data-e-type=\"widget\" data-widget_type=\"text-editor.default\">\n\t\t\t\t<div class=\"elementor-widget-container\">\n\t\t\t\t\t\t\t\t\t<p>Der Vorstand des Ober\u00f6sterreichischen Segelverbandes seit 2021<\/p>\t\t\t\t\t\t\t\t<\/div>\n\t\t\t\t<\/div>\n\t\t\t\t\t<\/div>\n\t\t\t\t<\/div>\n\t\t<div class=\"elementor-element elementor-element-859239a e-flex e-con-boxed e-con e-parent\" data-id=\"859239a\" data-element_type=\"container\" data-e-type=\"container\">\n\t\t\t\t\t<div class=\"e-con-inner\">\n\t\t<div class=\"elementor-element elementor-element-6c70d05 e-con-full e-flex e-con e-child\" data-id=\"6c70d05\" data-element_type=\"container\" data-e-type=\"container\">\n\t\t\t\t<div class=\"elementor-element elementor-element-0bb45c4 elementor-position-left elementor-vertical-align-middle elementor-widget elementor-widget-image-box\" data-id=\"0bb45c4\" data-element_type=\"widget\" data-e-type=\"widget\" data-widget_type=\"image-box.default\">\n\t\t\t\t<div class=\"elementor-widget-container\">\n\t\t\t\t\t<div class=\"elementor-image-box-wrapper\"><figure class=\"elementor-image-box-img\"><img decoding=\"async\" src=\"https:\/\/dev.fsystem.at\/wp-content\/uploads\/2023\/12\/csm_Portraet-Michael-Farthofer_507e1941e5.jpg\" title=\"csm_Portraet-Michael-Farthofer_507e1941e5\" alt=\"csm_Portraet-Michael-Farthofer_507e1941e5\" loading=\"lazy\" \/><\/figure><div class=\"elementor-image-box-content\"><h4 class=\"elementor-image-box-title\">Mag. Michael Farthofer<\/h4><p class=\"elementor-image-box-description\">Pr\u00e4sident <br>\n0664 14 54 024\n\n<\/p><\/div><\/div>\t\t\t\t<\/div>\n\t\t\t\t<\/div>\n\t\t\t\t<\/div>\n\t\t<div class=\"elementor-element elementor-element-c4d1de5 e-con-full e-flex e-con e-child\" data-id=\"c4d1de5\" data-element_type=\"container\" data-e-type=\"container\">\n\t\t\t\t<div class=\"elementor-element elementor-element-2383b61 elementor-position-left elementor-vertical-align-top elementor-widget elementor-widget-image-box\" data-id=\"2383b61\" data-element_type=\"widget\" data-e-type=\"widget\" data-widget_type=\"image-box.default\">\n\t\t\t\t<div class=\"elementor-widget-container\">\n\t\t\t\t\t<div class=\"elementor-image-box-wrapper\"><figure class=\"elementor-image-box-img\"><img decoding=\"async\" src=\"https:\/\/dev.fsystem.at\/wp-content\/uploads\/2023\/12\/Passphoto-SCK-klein-3x4-1.jpg\" title=\"Passphoto SCK klein 3&#215;4\" alt=\"Passphoto SCK klein 3x4\" loading=\"lazy\" \/><\/figure><div class=\"elementor-image-box-content\"><h4 class=\"elementor-image-box-title\">Mag. Stephan Beurle<\/h4><p class=\"elementor-image-box-description\">Vizepr\u00e4sident Finanzreferent<br>\n0664 35 85 333<\/p><\/div><\/div>\t\t\t\t<\/div>\n\t\t\t\t<\/div>\n\t\t\t\t<\/div>\n\t\t\t\t\t<\/div>\n\t\t\t\t<\/div>\n\t\t<div class=\"elementor-element elementor-element-2ccf1e0 e-flex e-con-boxed e-con e-parent\" data-id=\"2ccf1e0\" data-element_type=\"container\" data-e-type=\"container\">\n\t\t\t\t\t<div class=\"e-con-inner\">\n\t\t<div class=\"elementor-element elementor-element-0b122cf e-con-full e-flex e-con e-child\" data-id=\"0b122cf\" data-element_type=\"container\" data-e-type=\"container\">\n\t\t\t\t<div class=\"elementor-element elementor-element-7dc5e73 elementor-position-left elementor-vertical-align-middle elementor-widget elementor-widget-image-box\" data-id=\"7dc5e73\" data-element_type=\"widget\" data-e-type=\"widget\" data-widget_type=\"image-box.default\">\n\t\t\t\t<div class=\"elementor-widget-container\">\n\t\t\t\t\t<div class=\"elementor-image-box-wrapper\"><figure class=\"elementor-image-box-img\"><img fetchpriority=\"high\" decoding=\"async\" width=\"433\" height=\"400\" src=\"https:\/\/dev.fsystem.at\/wp-content\/uploads\/2023\/11\/Philip-Lang_small-433x400-1.jpg\" class=\"attachment-full size-full wp-image-119\" alt=\"\" srcset=\"https:\/\/dev.fsystem.at\/wp-content\/uploads\/2023\/11\/Philip-Lang_small-433x400-1.jpg 433w, https:\/\/dev.fsystem.at\/wp-content\/uploads\/2023\/11\/Philip-Lang_small-433x400-1-300x277.jpg 300w\" sizes=\"(max-width: 433px) 100vw, 433px\" \/><\/figure><div class=\"elementor-image-box-content\"><h4 class=\"elementor-image-box-title\">Mag. Philip Lang<\/h4><p class=\"elementor-image-box-description\">Sportlicher Leiter<br>\n0664 160 70 90<\/p><\/div><\/div>\t\t\t\t<\/div>\n\t\t\t\t<\/div>\n\t\t\t\t<\/div>\n\t\t<div class=\"elementor-element elementor-element-4812f8d e-con-full e-flex e-con e-child\" data-id=\"4812f8d\" data-element_type=\"container\" data-e-type=\"container\">\n\t\t\t\t<div class=\"elementor-element elementor-element-77fc724 elementor-position-left elementor-vertical-align-middle elementor-widget elementor-widget-image-box\" data-id=\"77fc724\" data-element_type=\"widget\" data-e-type=\"widget\" data-widget_type=\"image-box.default\">\n\t\t\t\t<div class=\"elementor-widget-container\">\n\t\t\t\t\t<div class=\"elementor-image-box-wrapper\"><figure class=\"elementor-image-box-img\"><img decoding=\"async\" width=\"354\" height=\"400\" src=\"https:\/\/dev.fsystem.at\/wp-content\/uploads\/2023\/11\/Schneeberger-Markus-354x400-1.jpg\" class=\"attachment-full size-full wp-image-126\" alt=\"\" srcset=\"https:\/\/dev.fsystem.at\/wp-content\/uploads\/2023\/11\/Schneeberger-Markus-354x400-1.jpg 354w, https:\/\/dev.fsystem.at\/wp-content\/uploads\/2023\/11\/Schneeberger-Markus-354x400-1-266x300.jpg 266w\" sizes=\"(max-width: 354px) 100vw, 354px\" \/><\/figure><div class=\"elementor-image-box-content\"><h4 class=\"elementor-image-box-title\">Dipl. Ing. Markus Schneeberger<\/h4><p class=\"elementor-image-box-description\">Sportlicher Leiter Stv.\n<br>0664 615 14 60<\/p><\/div><\/div>\t\t\t\t<\/div>\n\t\t\t\t<\/div>\n\t\t\t\t<\/div>\n\t\t<div class=\"elementor-element elementor-element-0d7acc9 e-con-full e-flex e-con e-child\" data-id=\"0d7acc9\" data-element_type=\"container\" data-e-type=\"container\">\n\t\t\t\t<div class=\"elementor-element elementor-element-7ce0d7e elementor-position-left elementor-vertical-align-middle elementor-widget elementor-widget-image-box\" data-id=\"7ce0d7e\" data-element_type=\"widget\" data-e-type=\"widget\" data-widget_type=\"image-box.default\">\n\t\t\t\t<div class=\"elementor-widget-container\">\n\t\t\t\t\t<div class=\"elementor-image-box-wrapper\"><figure class=\"elementor-image-box-img\"><img decoding=\"async\" width=\"145\" height=\"180\" src=\"https:\/\/dev.fsystem.at\/wp-content\/uploads\/2023\/11\/burgstaller.jpg\" class=\"attachment-full size-full wp-image-127\" alt=\"\" \/><\/figure><div class=\"elementor-image-box-content\"><h4 class=\"elementor-image-box-title\">Mag. Michael Burgstaller<\/h4><p class=\"elementor-image-box-description\">Oberbootsmann\n<br>0660 6453 287<\/p><\/div><\/div>\t\t\t\t<\/div>\n\t\t\t\t<\/div>\n\t\t\t\t<\/div>\n\t\t<div class=\"elementor-element elementor-element-05f5d28 e-con-full e-flex e-con e-child\" data-id=\"05f5d28\" data-element_type=\"container\" data-e-type=\"container\">\n\t\t\t\t<div class=\"elementor-element elementor-element-990b3f4 elementor-position-left elementor-vertical-align-middle elementor-widget elementor-widget-image-box\" data-id=\"990b3f4\" data-element_type=\"widget\" data-e-type=\"widget\" data-widget_type=\"image-box.default\">\n\t\t\t\t<div class=\"elementor-widget-container\">\n\t\t\t\t\t<div class=\"elementor-image-box-wrapper\"><figure class=\"elementor-image-box-img\"><img loading=\"lazy\" decoding=\"async\" width=\"583\" height=\"740\" src=\"https:\/\/dev.fsystem.at\/wp-content\/uploads\/2023\/12\/20210410_Christian.jpg\" class=\"attachment-full size-full wp-image-228\" alt=\"\" srcset=\"https:\/\/dev.fsystem.at\/wp-content\/uploads\/2023\/12\/20210410_Christian.jpg 583w, https:\/\/dev.fsystem.at\/wp-content\/uploads\/2023\/12\/20210410_Christian-236x300.jpg 236w\" sizes=\"(max-width: 583px) 100vw, 583px\" \/><\/figure><div class=\"elementor-image-box-content\"><h4 class=\"elementor-image-box-title\">Christian Hotwagner<\/h4><p class=\"elementor-image-box-description\">Oberbootsmann Stellvertreter\n<br>0676 92 66 100<\/p><\/div><\/div>\t\t\t\t<\/div>\n\t\t\t\t<\/div>\n\t\t\t\t<\/div>\n\t\t\t\t\t<\/div>\n\t\t\t\t<\/div>\n\t\t<div class=\"elementor-element elementor-element-e36d531 e-flex e-con-boxed e-con e-parent\" data-id=\"e36d531\" data-element_type=\"container\" data-e-type=\"container\">\n\t\t\t\t\t<div class=\"e-con-inner\">\n\t\t<div class=\"elementor-element elementor-element-9fb19f9 e-con-full e-flex e-con e-child\" data-id=\"9fb19f9\" data-element_type=\"container\" data-e-type=\"container\">\n\t\t\t\t<div class=\"elementor-element elementor-element-6f1c0e5 elementor-position-left elementor-vertical-align-middle elementor-widget elementor-widget-image-box\" data-id=\"6f1c0e5\" data-element_type=\"widget\" data-e-type=\"widget\" data-widget_type=\"image-box.default\">\n\t\t\t\t<div class=\"elementor-widget-container\">\n\t\t\t\t\t<div class=\"elementor-image-box-wrapper\"><figure class=\"elementor-image-box-img\"><img loading=\"lazy\" decoding=\"async\" width=\"120\" height=\"180\" src=\"https:\/\/dev.fsystem.at\/wp-content\/uploads\/2023\/11\/binder.jpg\" class=\"attachment-full size-full wp-image-129\" alt=\"\" \/><\/figure><div class=\"elementor-image-box-content\"><h4 class=\"elementor-image-box-title\">Stephan Binder<\/h4><p class=\"elementor-image-box-description\">Schriftf\u00fchrer\n<br>0664 54 021 54<\/p><\/div><\/div>\t\t\t\t<\/div>\n\t\t\t\t<\/div>\n\t\t\t\t<\/div>\n\t\t<div class=\"elementor-element elementor-element-ce22236 e-con-full e-flex e-con e-child\" data-id=\"ce22236\" data-element_type=\"container\" data-e-type=\"container\">\n\t\t\t\t<div class=\"elementor-element elementor-element-f7a8a91 elementor-position-left elementor-vertical-align-middle elementor-widget elementor-widget-image-box\" data-id=\"f7a8a91\" data-element_type=\"widget\" data-e-type=\"widget\" data-widget_type=\"image-box.default\">\n\t\t\t\t<div class=\"elementor-widget-container\">\n\t\t\t\t\t<div class=\"elementor-image-box-wrapper\"><figure class=\"elementor-image-box-img\"><img loading=\"lazy\" decoding=\"async\" width=\"200\" height=\"267\" src=\"https:\/\/dev.fsystem.at\/wp-content\/uploads\/2023\/11\/Karen_Hoff_01.jpg\" class=\"attachment-full size-full wp-image-130\" alt=\"\" \/><\/figure><div class=\"elementor-image-box-content\"><h4 class=\"elementor-image-box-title\">Dipl. Ing. Karen Hoff<\/h4><p class=\"elementor-image-box-description\">Schriftf\u00fchrer Stellverteterin\n<br>0664 97 16 248<\/p><\/div><\/div>\t\t\t\t<\/div>\n\t\t\t\t<\/div>\n\t\t\t\t<\/div>\n\t\t\t\t\t<\/div>\n\t\t\t\t<\/div>\n\t\t<div class=\"elementor-element elementor-element-c70294d e-flex e-con-boxed e-con e-parent\" data-id=\"c70294d\" data-element_type=\"container\" data-e-type=\"container\">\n\t\t\t\t\t<div class=\"e-con-inner\">\n\t\t\t\t<div class=\"elementor-element elementor-element-986644d elementor-widget-divider--view-line elementor-widget elementor-widget-divider\" data-id=\"986644d\" data-element_type=\"widget\" data-e-type=\"widget\" data-widget_type=\"divider.default\">\n\t\t\t\t<div class=\"elementor-widget-container\">\n\t\t\t\t\t\t\t<div class=\"elementor-divider\">\n\t\t\t<span class=\"elementor-divider-separator\">\n\t\t\t\t\t\t<\/span>\n\t\t<\/div>\n\t\t\t\t\t\t<\/div>\n\t\t\t\t<\/div>\n\t\t\t\t\t<\/div>\n\t\t\t\t<\/div>\n\t\t<div class=\"elementor-element elementor-element-d033ddd e-flex e-con-boxed e-con e-parent\" data-id=\"d033ddd\" data-element_type=\"container\" data-e-type=\"container\">\n\t\t\t\t\t<div class=\"e-con-inner\">\n\t\t\t\t<div class=\"elementor-element elementor-element-8539d75 elementor-widget elementor-widget-heading\" data-id=\"8539d75\" data-element_type=\"widget\" data-e-type=\"widget\" data-widget_type=\"heading.default\">\n\t\t\t\t<div class=\"elementor-widget-container\">\n\t\t\t\t\t<h3 class=\"elementor-heading-title elementor-size-default\">Landesverbandstrainer<\/h3>\t\t\t\t<\/div>\n\t\t\t\t<\/div>\n\t\t\t\t\t<\/div>\n\t\t\t\t<\/div>\n\t\t<div class=\"elementor-element elementor-element-51a5d16 e-flex e-con-boxed e-con e-parent\" data-id=\"51a5d16\" data-element_type=\"container\" data-e-type=\"container\">\n\t\t\t\t\t<div class=\"e-con-inner\">\n\t\t\t\t<div class=\"elementor-element elementor-element-072ada6 elementor-widget elementor-widget-image\" data-id=\"072ada6\" data-element_type=\"widget\" data-e-type=\"widget\" data-widget_type=\"image.default\">\n\t\t\t\t<div class=\"elementor-widget-container\">\n\t\t\t\t\t\t\t\t\t\t\t\t\t\t\t<img loading=\"lazy\" decoding=\"async\" width=\"150\" height=\"150\" src=\"https:\/\/dev.fsystem.at\/wp-content\/uploads\/2023\/12\/csm_Dominique_2023-150x150.jpg\" class=\"attachment-thumbnail size-thumbnail wp-image-224\" alt=\"\" srcset=\"https:\/\/dev.fsystem.at\/wp-content\/uploads\/2023\/12\/csm_Dominique_2023-150x150.jpg 150w, https:\/\/dev.fsystem.at\/wp-content\/uploads\/2023\/12\/csm_Dominique_2023-300x300.jpg 300w, https:\/\/dev.fsystem.at\/wp-content\/uploads\/2023\/12\/csm_Dominique_2023-1024x1024.jpg 1024w, https:\/\/dev.fsystem.at\/wp-content\/uploads\/2023\/12\/csm_Dominique_2023-768x768.jpg 768w, https:\/\/dev.fsystem.at\/wp-content\/uploads\/2023\/12\/csm_Dominique_2023-1536x1536.jpg 1536w, https:\/\/dev.fsystem.at\/wp-content\/uploads\/2023\/12\/csm_Dominique_2023-450x450.jpg 450w, https:\/\/dev.fsystem.at\/wp-content\/uploads\/2023\/12\/csm_Dominique_2023-106x106.jpg 106w, https:\/\/dev.fsystem.at\/wp-content\/uploads\/2023\/12\/csm_Dominique_2023-560x560.jpg 560w, https:\/\/dev.fsystem.at\/wp-content\/uploads\/2023\/12\/csm_Dominique_2023-80x80.jpg 80w, https:\/\/dev.fsystem.at\/wp-content\/uploads\/2023\/12\/csm_Dominique_2023.jpg 1600w\" sizes=\"(max-width: 150px) 100vw, 150px\" \/>\t\t\t\t\t\t\t\t\t\t\t\t\t\t\t<\/div>\n\t\t\t\t<\/div>\n\t\t\t\t<div class=\"elementor-element elementor-element-e31781a elementor-widget elementor-widget-text-editor\" data-id=\"e31781a\" data-element_type=\"widget\" data-e-type=\"widget\" data-widget_type=\"text-editor.default\">\n\t\t\t\t<div class=\"elementor-widget-container\">\n\t\t\t\t\t\t\t\t\t<p>Dominique Weisang<\/p>\t\t\t\t\t\t\t\t<\/div>\n\t\t\t\t<\/div>\n\t\t\t\t\t<\/div>\n\t\t\t\t<\/div>\n\t\t\t\t<\/div>\n\t\t","protected":false},"excerpt":{"rendered":"<p>Der Vorstand des Ober\u00f6sterreichischen Segelverbandes seit 2021 Mag. Michael Farthofer Pr\u00e4sident 0664 14 54 024 Mag. Stephan Beurle Vizepr\u00e4sident Finanzreferent 0664 35 85 333 Mag. Philip Lang Sportlicher Leiter 0664 160 70 90 Dipl. Ing. Markus Schneeberger Sportlicher Leiter Stv. 0664 615 14 60 Mag. Michael Burgstaller Oberbootsmann 0660 6453 287 Christian Hotwagner Oberbootsmann Stellvertreter [&hellip;]<\/p>\n","protected":false},"author":1,"featured_media":0,"parent":0,"menu_order":0,"comment_status":"closed","ping_status":"closed","template":"","meta":{"footnotes":""},"class_list":["post-45","page","type-page","status-publish","hentry"],"publishpress_future_action":{"enabled":false,"date":"2026-04-25 14:17:41","action":"change-status","newStatus":"draft","terms":[],"taxonomy":"","extraData":[]},"publishpress_future_workflow_manual_trigger":{"enabledWorkflows":[]},"_links":{"self":[{"href":"https:\/\/dev.fsystem.at\/index.php?rest_route=\/wp\/v2\/pages\/45","targetHints":{"allow":["GET"]}}],"collection":[{"href":"https:\/\/dev.fsystem.at\/index.php?rest_route=\/wp\/v2\/pages"}],"about":[{"href":"https:\/\/dev.fsystem.at\/index.php?rest_route=\/wp\/v2\/types\/page"}],"author":[{"embeddable":true,"href":"https:\/\/dev.fsystem.at\/index.php?rest_route=\/wp\/v2\/users\/1"}],"replies":[{"embeddable":true,"href":"https:\/\/dev.fsystem.at\/index.php?rest_route=%2Fwp%2Fv2%2Fcomments&post=45"}],"version-history":[{"count":29,"href":"https:\/\/dev.fsystem.at\/index.php?rest_route=\/wp\/v2\/pages\/45\/revisions"}],"predecessor-version":[{"id":268,"href":"https:\/\/dev.fsystem.at\/index.php?rest_route=\/wp\/v2\/pages\/45\/revisions\/268"}],"wp:attachment":[{"href":"https:\/\/dev.fsystem.at\/index.php?rest_route=%2Fwp%2Fv2%2Fmedia&parent=45"}],"curies":[{"name":"wp","href":"https:\/\/api.w.org\/{rel}","templated":true}]}}