{"id":68,"date":"2023-11-16T08:24:35","date_gmt":"2023-11-16T07:24:35","guid":{"rendered":"https:\/\/dev.fsystem.at\/neu\/?page_id=68"},"modified":"2024-02-28T12:43:56","modified_gmt":"2024-02-28T11:43:56","slug":"sicherheit","status":"publish","type":"page","link":"https:\/\/dev.fsystem.at\/?page_id=68","title":{"rendered":"Sicherheit"},"content":{"rendered":"<p><strong>Save the date<\/strong>: Samstag 27.7.2024 findet im Union-Yacht-Club Attersee der 4. Sicherheitstag des O\u00d6SV statt, genauere Informationen folgen im 1. Quartal 2024<\/p>\n<h2>Personal Flotation Device (PFD) &#8211; Erkl\u00e4rungen<\/h2>\n<p>Karl Mikulaschek,\u00a0Internationaler Vermesser, Mitglied von Wettfahrtausschuss Gruppe Sicherheit und Technischer Ausschuss, erkl\u00e4rt in diesem Papier die Problematik mit dem pers\u00f6nlichen Auftriebsmittel. Damit sollten Missverst\u00e4ndnisse zwischen Vermesser und Segler ausger\u00e4umt werden.<\/p>\n<p><img decoding=\"async\" title=\"application\/pdf\" src=\"https:\/\/www.segelverband.at\/modules\/file\/icons\/application-pdf.png\" alt=\"\" \/>\u00a0<a title=\"pfd_-_erklaerungen_von_karl_mikulaschek.pdf\" href=\"https:\/\/www.segelverband.at\/sites\/default\/files\/attachments\/pfd_-_erklaerungen_von_karl_mikulaschek.pdf\" type=\"application\/pdf; length=113841\">PFD &#8211; Erkl\u00e4rungen von Karl Mikulaschek<\/a><br \/>\n<img decoding=\"async\" title=\"application\/pdf\" src=\"https:\/\/www.segelverband.at\/modules\/file\/icons\/application-pdf.png\" alt=\"\" \/>\u00a0<a title=\"guidetoequipmentinspection2017-21968.pdf\" href=\"https:\/\/www.segelverband.at\/sites\/default\/files\/attachments\/guidetoequipmentinspection2017-21968.pdf\" type=\"application\/pdf; length=5426586\">WorldSailing &#8211; Guide to equipment inspection<\/a><\/p>\n","protected":false},"excerpt":{"rendered":"<p>Save the date: Samstag 27.7.2024 findet im Union-Yacht-Club Attersee der 4. Sicherheitstag des O\u00d6SV statt, genauere Informationen folgen im 1. Quartal 2024 Personal Flotation Device (PFD) &#8211; Erkl\u00e4rungen Karl Mikulaschek,\u00a0Internationaler Vermesser, Mitglied von Wettfahrtausschuss Gruppe Sicherheit und Technischer Ausschuss, erkl\u00e4rt in diesem Papier die Problematik mit dem pers\u00f6nlichen Auftriebsmittel. Damit sollten Missverst\u00e4ndnisse zwischen Vermesser und [&hellip;]<\/p>\n","protected":false},"author":1,"featured_media":0,"parent":0,"menu_order":0,"comment_status":"closed","ping_status":"closed","template":"","meta":{"footnotes":""},"class_list":["post-68","page","type-page","status-publish","hentry"],"publishpress_future_action":{"enabled":false,"date":"2026-04-29 12:22:47","action":"change-status","newStatus":"draft","terms":[],"taxonomy":"","extraData":[]},"publishpress_future_workflow_manual_trigger":{"enabledWorkflows":[]},"_links":{"self":[{"href":"https:\/\/dev.fsystem.at\/index.php?rest_route=\/wp\/v2\/pages\/68","targetHints":{"allow":["GET"]}}],"collection":[{"href":"https:\/\/dev.fsystem.at\/index.php?rest_route=\/wp\/v2\/pages"}],"about":[{"href":"https:\/\/dev.fsystem.at\/index.php?rest_route=\/wp\/v2\/types\/page"}],"author":[{"embeddable":true,"href":"https:\/\/dev.fsystem.at\/index.php?rest_route=\/wp\/v2\/users\/1"}],"replies":[{"embeddable":true,"href":"https:\/\/dev.fsystem.at\/index.php?rest_route=%2Fwp%2Fv2%2Fcomments&post=68"}],"version-history":[{"count":9,"href":"https:\/\/dev.fsystem.at\/index.php?rest_route=\/wp\/v2\/pages\/68\/revisions"}],"predecessor-version":[{"id":731,"href":"https:\/\/dev.fsystem.at\/index.php?rest_route=\/wp\/v2\/pages\/68\/revisions\/731"}],"wp:attachment":[{"href":"https:\/\/dev.fsystem.at\/index.php?rest_route=%2Fwp%2Fv2%2Fmedia&parent=68"}],"curies":[{"name":"wp","href":"https:\/\/api.w.org\/{rel}","templated":true}]}}