{"id":70,"date":"2023-11-16T08:24:35","date_gmt":"2023-11-16T07:24:35","guid":{"rendered":"https:\/\/dev.fsystem.at\/neu\/?page_id=70"},"modified":"2023-11-24T08:49:20","modified_gmt":"2023-11-24T07:49:20","slug":"segelschein","status":"publish","type":"page","link":"https:\/\/dev.fsystem.at\/?page_id=70","title":{"rendered":"Segelschein"},"content":{"rendered":"\t\t<div data-elementor-type=\"wp-page\" data-elementor-id=\"70\" class=\"elementor elementor-70\">\n\t\t\t\t<div class=\"elementor-element elementor-element-49db4ef1 e-flex e-con-boxed e-con e-parent\" data-id=\"49db4ef1\" data-element_type=\"container\" data-e-type=\"container\">\n\t\t\t\t\t<div class=\"e-con-inner\">\n\t\t\t\t<div class=\"elementor-element elementor-element-1e1db6fd elementor-widget elementor-widget-text-editor\" data-id=\"1e1db6fd\" data-element_type=\"widget\" data-e-type=\"widget\" data-widget_type=\"text-editor.default\">\n\t\t\t\t<div class=\"elementor-widget-container\">\n\t\t\t\t\t\t\t\t\t<p>Segelf\u00fchrerscheine werden ausschlie\u00dflich vom\u00a0<strong>\u00d6sterreichischen Segelverband<\/strong>\u00a0ausgestellt und auch verwaltet.<\/p>\n<p>Bitte in allen Fragen zum Segelschein sich an den \u00d6SV \u2013 Pr\u00fcfungswesen zu wenden.<\/p>\n<p>\u00a0<\/p>\n<p><em><strong>\u00d6sterreichischen Segelverband<\/strong><\/em><\/p>\n<p>Referat f\u00fcr Pr\u00fcfungswesen und F\u00fchrerscheine:<\/p>\n<p>Mitarbeiterin:<\/p>\n<h4 class=\"node-title\">Michaela Neumann<\/h4>\n<p>\u2013 Assistentin Pr\u00fcfungswesen<br \/>\u2013 Bef\u00e4higungsausweise<br \/>\u2013 Internationales Zertifikat<\/p>\n<p><strong><br \/><\/strong>e-mail:\u00a0<a href=\"mailto:pruefungswesen@segelverband.at\">pruefungswesen@segelverband.at<\/a><\/p>\n<div class=\"field field-name-field-text field-type-text-long field-label-hidden\">\n<div class=\"field-items\">\n<div class=\"field-item even\">\n<p>Die MitarbeiterInnen des OeSV Service Office stehen Ihnen f\u00fcr Ihre Anfrage(n) von\u00a0<strong>Montag\u00a0bis Freitag 09.00 bis 16.00 Uhr<\/strong>\u00a0unter der Telefonnummer +43 (0) 2167 \/ 40 243-0 sowie pers\u00f6nlich zur Verf\u00fcgung.<\/p>\n<\/div>\n<\/div>\n<\/div>\t\t\t\t\t\t\t\t<\/div>\n\t\t\t\t<\/div>\n\t\t\t\t\t<\/div>\n\t\t\t\t<\/div>\n\t\t\t\t<\/div>\n\t\t","protected":false},"excerpt":{"rendered":"<p>Segelf\u00fchrerscheine werden ausschlie\u00dflich vom\u00a0\u00d6sterreichischen Segelverband\u00a0ausgestellt und auch verwaltet. Bitte in allen Fragen zum Segelschein sich an den \u00d6SV \u2013 Pr\u00fcfungswesen zu wenden. \u00a0 \u00d6sterreichischen Segelverband Referat f\u00fcr Pr\u00fcfungswesen und F\u00fchrerscheine: Mitarbeiterin: Michaela Neumann \u2013 Assistentin Pr\u00fcfungswesen\u2013 Bef\u00e4higungsausweise\u2013 Internationales Zertifikat e-mail:\u00a0pruefungswesen@segelverband.at Die MitarbeiterInnen des OeSV Service Office stehen Ihnen f\u00fcr Ihre Anfrage(n) von\u00a0Montag\u00a0bis Freitag 09.00 bis [&hellip;]<\/p>\n","protected":false},"author":1,"featured_media":0,"parent":0,"menu_order":0,"comment_status":"closed","ping_status":"closed","template":"","meta":{"footnotes":""},"class_list":["post-70","page","type-page","status-publish","hentry"],"publishpress_future_action":{"enabled":false,"date":"2026-04-25 14:17:40","action":"change-status","newStatus":"draft","terms":[],"taxonomy":"","extraData":[]},"publishpress_future_workflow_manual_trigger":{"enabledWorkflows":[]},"_links":{"self":[{"href":"https:\/\/dev.fsystem.at\/index.php?rest_route=\/wp\/v2\/pages\/70","targetHints":{"allow":["GET"]}}],"collection":[{"href":"https:\/\/dev.fsystem.at\/index.php?rest_route=\/wp\/v2\/pages"}],"about":[{"href":"https:\/\/dev.fsystem.at\/index.php?rest_route=\/wp\/v2\/types\/page"}],"author":[{"embeddable":true,"href":"https:\/\/dev.fsystem.at\/index.php?rest_route=\/wp\/v2\/users\/1"}],"replies":[{"embeddable":true,"href":"https:\/\/dev.fsystem.at\/index.php?rest_route=%2Fwp%2Fv2%2Fcomments&post=70"}],"version-history":[{"count":5,"href":"https:\/\/dev.fsystem.at\/index.php?rest_route=\/wp\/v2\/pages\/70\/revisions"}],"predecessor-version":[{"id":172,"href":"https:\/\/dev.fsystem.at\/index.php?rest_route=\/wp\/v2\/pages\/70\/revisions\/172"}],"wp:attachment":[{"href":"https:\/\/dev.fsystem.at\/index.php?rest_route=%2Fwp%2Fv2%2Fmedia&parent=70"}],"curies":[{"name":"wp","href":"https:\/\/api.w.org\/{rel}","templated":true}]}}